{"id":98,"date":"2017-01-24T10:17:20","date_gmt":"2017-01-24T09:17:20","guid":{"rendered":"http:\/\/dev.nekointeractive.ch\/aretas\/staging\/unternehmen\/"},"modified":"2017-03-14T11:22:51","modified_gmt":"2017-03-14T10:22:51","slug":"entreprise","status":"publish","type":"page","link":"https:\/\/aretas.ch\/fr\/aretas-sa\/entreprise\/","title":{"rendered":"Entreprise"},"content":{"rendered":"<p>Les services de la soci\u00e9t\u00e9 Aretas SA sont focalis\u00e9s sur la gestion strat\u00e9gique et la structuration des investissements dans le domaine des placements alternatifs, principalement le capital-investissement ou private equity, ainsi que sur la protection du patrimoine (protection des actifs et suivi des investissements). Dans le cadre de la gestion des investissements directs et indirects dans l\u2019industrie, le domaine de la sant\u00e9 et l\u2019immobilier en Europe, aux \u00c9tats-Unis et en Asie, la collaboration avec les sp\u00e9cialistes et les gestionnaires externes est \u00e9troite. Au sein du Groupe Aretas, Aretas SA est responsable de la coordination dans le cadre des transactions de participation.<\/p>\n","protected":false},"excerpt":{"rendered":"<p>Les services de la soci\u00e9t\u00e9 Aretas SA sont focalis\u00e9s sur la gestion strat\u00e9gique et la structuration des investissements dans le domaine des placements alternatifs, principalement le capital-investissement ou private equity, ainsi que sur la protection du patrimoine (protection des actifs et suivi des investissements). Dans le cadre de la gestion des investissements directs et indirects [&hellip;]<\/p>\n","protected":false},"author":1,"featured_media":0,"parent":138,"menu_order":10,"comment_status":"closed","ping_status":"closed","template":"","meta":{"_acf_changed":false,"footnotes":""},"class_list":["post-98","page","type-page","status-publish","hentry"],"acf":[],"_links":{"self":[{"href":"https:\/\/aretas.ch\/fr\/wp-json\/wp\/v2\/pages\/98","targetHints":{"allow":["GET"]}}],"collection":[{"href":"https:\/\/aretas.ch\/fr\/wp-json\/wp\/v2\/pages"}],"about":[{"href":"https:\/\/aretas.ch\/fr\/wp-json\/wp\/v2\/types\/page"}],"author":[{"embeddable":true,"href":"https:\/\/aretas.ch\/fr\/wp-json\/wp\/v2\/users\/1"}],"replies":[{"embeddable":true,"href":"https:\/\/aretas.ch\/fr\/wp-json\/wp\/v2\/comments?post=98"}],"version-history":[{"count":4,"href":"https:\/\/aretas.ch\/fr\/wp-json\/wp\/v2\/pages\/98\/revisions"}],"predecessor-version":[{"id":337,"href":"https:\/\/aretas.ch\/fr\/wp-json\/wp\/v2\/pages\/98\/revisions\/337"}],"up":[{"embeddable":true,"href":"https:\/\/aretas.ch\/fr\/wp-json\/wp\/v2\/pages\/138"}],"wp:attachment":[{"href":"https:\/\/aretas.ch\/fr\/wp-json\/wp\/v2\/media?parent=98"}],"curies":[{"name":"wp","href":"https:\/\/api.w.org\/{rel}","templated":true}]}}