{"id":405,"date":"2017-11-30T12:46:06","date_gmt":"2017-11-30T11:46:06","guid":{"rendered":"https:\/\/aretas.ch\/aretas-capital\/perspectives\/text-dialogbox\/"},"modified":"2017-12-01T17:16:23","modified_gmt":"2017-12-01T16:16:23","slug":"text-dialogbox","status":"publish","type":"page","link":"https:\/\/aretas.ch\/fr\/aretas-capital\/perspectives\/text-dialogbox\/","title":{"rendered":"Text Dialogbox"},"content":{"rendered":"<p>Die Publikation hat ausschliesslich informativen Charakter und ersetzt keinesfalls unsere pers\u00f6nliche Beratung vor einem allf\u00e4lligen Anlage- oder anderem Entscheid unter Ber\u00fccksichtigung Ihres pers\u00f6nlichen Kunden- und Risikoprofils. Die Informationen k\u00f6nnen sich jederzeit und ohne vorherige Ank\u00fcndigung \u00e4ndern. Diese Publikation darf im Geltungsbereich jeder Gerichtsbarkeit, in welcher eine solche Aktivit\u00e4t nicht konform ist mit den lokalen Gesetzten oder aufsichtsrechtlichen Bestimmungen, nicht als Angebot, Einladung oder Aufforderung zu einem Investitions-Gesch\u00e4ft angesehen werden.<\/p>\n","protected":false},"excerpt":{"rendered":"<p>Die Publikation hat ausschliesslich informativen Charakter und ersetzt keinesfalls unsere pers\u00f6nliche Beratung vor einem allf\u00e4lligen Anlage- oder anderem Entscheid unter Ber\u00fccksichtigung Ihres pers\u00f6nlichen Kunden- und Risikoprofils. Die Informationen k\u00f6nnen sich jederzeit und ohne vorherige Ank\u00fcndigung \u00e4ndern. Diese Publikation darf im Geltungsbereich jeder Gerichtsbarkeit, in welcher eine solche Aktivit\u00e4t nicht konform ist mit den lokalen Gesetzten [&hellip;]<\/p>\n","protected":false},"author":1,"featured_media":0,"parent":396,"menu_order":0,"comment_status":"closed","ping_status":"closed","template":"","meta":{"_acf_changed":false,"footnotes":""},"class_list":["post-405","page","type-page","status-publish","hentry"],"acf":[],"_links":{"self":[{"href":"https:\/\/aretas.ch\/fr\/wp-json\/wp\/v2\/pages\/405","targetHints":{"allow":["GET"]}}],"collection":[{"href":"https:\/\/aretas.ch\/fr\/wp-json\/wp\/v2\/pages"}],"about":[{"href":"https:\/\/aretas.ch\/fr\/wp-json\/wp\/v2\/types\/page"}],"author":[{"embeddable":true,"href":"https:\/\/aretas.ch\/fr\/wp-json\/wp\/v2\/users\/1"}],"replies":[{"embeddable":true,"href":"https:\/\/aretas.ch\/fr\/wp-json\/wp\/v2\/comments?post=405"}],"version-history":[{"count":1,"href":"https:\/\/aretas.ch\/fr\/wp-json\/wp\/v2\/pages\/405\/revisions"}],"predecessor-version":[{"id":412,"href":"https:\/\/aretas.ch\/fr\/wp-json\/wp\/v2\/pages\/405\/revisions\/412"}],"up":[{"embeddable":true,"href":"https:\/\/aretas.ch\/fr\/wp-json\/wp\/v2\/pages\/396"}],"wp:attachment":[{"href":"https:\/\/aretas.ch\/fr\/wp-json\/wp\/v2\/media?parent=405"}],"curies":[{"name":"wp","href":"https:\/\/api.w.org\/{rel}","templated":true}]}}