{"id":396,"date":"2017-11-30T12:44:21","date_gmt":"2017-11-30T11:44:21","guid":{"rendered":"https:\/\/aretas.ch\/?page_id=396"},"modified":"2022-12-10T07:28:41","modified_gmt":"2022-12-10T06:28:41","slug":"perspectives","status":"publish","type":"page","link":"https:\/\/aretas.ch\/fr\/aretas-capital\/perspectives\/","title":{"rendered":"Perspectives"},"content":{"rendered":"<p>R\u00e9guli\u00e8rement Aretas Capital Management SA met en \u00e9vidence un sujet que nous consid\u00e9rons pertinent pour les perspectives d&rsquo;investissement \u00e0 moyen et long terme.<br \/>\nLes th\u00e8mes sont toujours li\u00e9s aux march\u00e9s financiers, mais il est de notre devoir de transmettre la perspective et le contexte. En plus du sujet principal, nous abordons \u00e9galement un sujet de march\u00e9 actuel dans cette publication et expliquons notre politique d&rsquo;investissement.<\/p>\n<p>Les perspectives sont disponibles en <a href=\"https:\/\/aretas.ch\/#aretas-capital\/perspektiven\">allemand<\/a> ou <a href=\"https:\/\/aretas.ch\/en\/#aretas-capital\/outlook\">anglais<\/a>.<\/p>\n","protected":false},"excerpt":{"rendered":"<p>R\u00e9guli\u00e8rement Aretas Capital Management SA met en \u00e9vidence un sujet que nous consid\u00e9rons pertinent pour les perspectives d&rsquo;investissement \u00e0 moyen et long terme. Les th\u00e8mes sont toujours li\u00e9s aux march\u00e9s financiers, mais il est de notre devoir de transmettre la perspective et le contexte. En plus du sujet principal, nous abordons \u00e9galement un sujet de [&hellip;]<\/p>\n","protected":false},"author":1,"featured_media":0,"parent":104,"menu_order":45,"comment_status":"closed","ping_status":"closed","template":"","meta":{"_acf_changed":false,"footnotes":""},"class_list":["post-396","page","type-page","status-publish","hentry"],"acf":[],"_links":{"self":[{"href":"https:\/\/aretas.ch\/fr\/wp-json\/wp\/v2\/pages\/396","targetHints":{"allow":["GET"]}}],"collection":[{"href":"https:\/\/aretas.ch\/fr\/wp-json\/wp\/v2\/pages"}],"about":[{"href":"https:\/\/aretas.ch\/fr\/wp-json\/wp\/v2\/types\/page"}],"author":[{"embeddable":true,"href":"https:\/\/aretas.ch\/fr\/wp-json\/wp\/v2\/users\/1"}],"replies":[{"embeddable":true,"href":"https:\/\/aretas.ch\/fr\/wp-json\/wp\/v2\/comments?post=396"}],"version-history":[{"count":5,"href":"https:\/\/aretas.ch\/fr\/wp-json\/wp\/v2\/pages\/396\/revisions"}],"predecessor-version":[{"id":574,"href":"https:\/\/aretas.ch\/fr\/wp-json\/wp\/v2\/pages\/396\/revisions\/574"}],"up":[{"embeddable":true,"href":"https:\/\/aretas.ch\/fr\/wp-json\/wp\/v2\/pages\/104"}],"wp:attachment":[{"href":"https:\/\/aretas.ch\/fr\/wp-json\/wp\/v2\/media?parent=396"}],"curies":[{"name":"wp","href":"https:\/\/api.w.org\/{rel}","templated":true}]}}