{"id":122,"date":"2017-01-24T15:51:41","date_gmt":"2017-01-24T14:51:41","guid":{"rendered":"http:\/\/dev.nekointeractive.ch\/aretas\/staging\/aretas-tax\/unternehmen\/"},"modified":"2021-07-13T09:30:07","modified_gmt":"2021-07-13T07:30:07","slug":"entreprise","status":"publish","type":"page","link":"https:\/\/aretas.ch\/fr\/aretas-tax\/entreprise\/","title":{"rendered":"Entreprise"},"content":{"rendered":"<p>Consciente de l\u2019importance et de la complexit\u00e9 du droit fiscal, Aretas Tax Management SA d\u00e9fend les int\u00e9r\u00eats de ses clients sur le plan fiscal, la synergie par rapport au niveau familial et celui de l\u2019entreprise \u00e9tant toujours consid\u00e9r\u00e9e \u00e0 cet \u00e9gard dans sa globalit\u00e9. Conform\u00e9ment aux principaux domaines du Groupe Aretas, les activit\u00e9s principales d\u2019Aretas Tax Management SA r\u00e9sident dans l\u2019encadrement fiscal proactif dans les domaines du private equity, de la planification des investissements, des fusions &amp; acquisitions, de l\u2019immobilier et des financements. La r\u00e9duction de la charge fiscale repr\u00e9sente une partie essentielle de la performance globale du patrimoine priv\u00e9 et des r\u00e9sultats d\u2019entreprise. Un r\u00e9seau d&rsquo;experts garantit l\u2019encadrement international, notamment pour l&rsquo;Am\u00e9rique du Nord.<\/p>\n","protected":false},"excerpt":{"rendered":"<p>Consciente de l\u2019importance et de la complexit\u00e9 du droit fiscal, Aretas Tax Management SA d\u00e9fend les int\u00e9r\u00eats de ses clients sur le plan fiscal, la synergie par rapport au niveau familial et celui de l\u2019entreprise \u00e9tant toujours consid\u00e9r\u00e9e \u00e0 cet \u00e9gard dans sa globalit\u00e9. Conform\u00e9ment aux principaux domaines du Groupe Aretas, les activit\u00e9s principales d\u2019Aretas [&hellip;]<\/p>\n","protected":false},"author":1,"featured_media":0,"parent":120,"menu_order":10,"comment_status":"closed","ping_status":"closed","template":"","meta":{"_acf_changed":false,"footnotes":""},"class_list":["post-122","page","type-page","status-publish","hentry"],"acf":[],"_links":{"self":[{"href":"https:\/\/aretas.ch\/fr\/wp-json\/wp\/v2\/pages\/122","targetHints":{"allow":["GET"]}}],"collection":[{"href":"https:\/\/aretas.ch\/fr\/wp-json\/wp\/v2\/pages"}],"about":[{"href":"https:\/\/aretas.ch\/fr\/wp-json\/wp\/v2\/types\/page"}],"author":[{"embeddable":true,"href":"https:\/\/aretas.ch\/fr\/wp-json\/wp\/v2\/users\/1"}],"replies":[{"embeddable":true,"href":"https:\/\/aretas.ch\/fr\/wp-json\/wp\/v2\/comments?post=122"}],"version-history":[{"count":6,"href":"https:\/\/aretas.ch\/fr\/wp-json\/wp\/v2\/pages\/122\/revisions"}],"predecessor-version":[{"id":545,"href":"https:\/\/aretas.ch\/fr\/wp-json\/wp\/v2\/pages\/122\/revisions\/545"}],"up":[{"embeddable":true,"href":"https:\/\/aretas.ch\/fr\/wp-json\/wp\/v2\/pages\/120"}],"wp:attachment":[{"href":"https:\/\/aretas.ch\/fr\/wp-json\/wp\/v2\/media?parent=122"}],"curies":[{"name":"wp","href":"https:\/\/api.w.org\/{rel}","templated":true}]}}