{"id":120,"date":"2017-01-18T12:16:03","date_gmt":"2017-01-18T11:16:03","guid":{"rendered":"http:\/\/dev.nekointeractive.ch\/aretas\/staging\/aretas-tax\/"},"modified":"2017-02-27T13:30:18","modified_gmt":"2017-02-27T12:30:18","slug":"aretas-tax","status":"publish","type":"page","link":"https:\/\/aretas.ch\/fr\/aretas-tax\/","title":{"rendered":"Aretas Tax"},"content":{"rendered":"<p>Aretas Tax Management SA est la soci\u00e9t\u00e9 sp\u00e9cialis\u00e9e en droit fiscal suisse et international et est responsable de la strat\u00e9gie fiscale de l\u2019office familial.<\/p>\n","protected":false},"excerpt":{"rendered":"<p>Aretas Tax Management SA est la soci\u00e9t\u00e9 sp\u00e9cialis\u00e9e en droit fiscal suisse et international et est responsable de la strat\u00e9gie fiscale de l\u2019office familial.<\/p>\n","protected":false},"author":1,"featured_media":0,"parent":0,"menu_order":40,"comment_status":"closed","ping_status":"closed","template":"","meta":{"_acf_changed":false,"footnotes":""},"class_list":["post-120","page","type-page","status-publish","hentry"],"acf":[],"_links":{"self":[{"href":"https:\/\/aretas.ch\/fr\/wp-json\/wp\/v2\/pages\/120","targetHints":{"allow":["GET"]}}],"collection":[{"href":"https:\/\/aretas.ch\/fr\/wp-json\/wp\/v2\/pages"}],"about":[{"href":"https:\/\/aretas.ch\/fr\/wp-json\/wp\/v2\/types\/page"}],"author":[{"embeddable":true,"href":"https:\/\/aretas.ch\/fr\/wp-json\/wp\/v2\/users\/1"}],"replies":[{"embeddable":true,"href":"https:\/\/aretas.ch\/fr\/wp-json\/wp\/v2\/comments?post=120"}],"version-history":[{"count":5,"href":"https:\/\/aretas.ch\/fr\/wp-json\/wp\/v2\/pages\/120\/revisions"}],"predecessor-version":[{"id":342,"href":"https:\/\/aretas.ch\/fr\/wp-json\/wp\/v2\/pages\/120\/revisions\/342"}],"wp:attachment":[{"href":"https:\/\/aretas.ch\/fr\/wp-json\/wp\/v2\/media?parent=120"}],"curies":[{"name":"wp","href":"https:\/\/api.w.org\/{rel}","templated":true}]}}