{"id":114,"date":"2017-01-24T15:49:53","date_gmt":"2017-01-24T14:49:53","guid":{"rendered":"http:\/\/dev.nekointeractive.ch\/aretas\/staging\/aretas-capital\/risikomanagement\/"},"modified":"2017-03-14T11:30:46","modified_gmt":"2017-03-14T10:30:46","slug":"gestion-de-risque","status":"publish","type":"page","link":"https:\/\/aretas.ch\/fr\/aretas-capital\/gestion-de-risque\/","title":{"rendered":"Gestion de risque"},"content":{"rendered":"<p>La gestion de risque efficace signifie pour Aretas Capital Management SA de ne prendre que les risques pour lesquels le march\u00e9 verse une prime appropri\u00e9e. Les risques doivent \u00eatre g\u00e9r\u00e9s activement et couverts le cas \u00e9ch\u00e9ant au moyen d\u2019instruments ad\u00e9quats.<\/p>\n","protected":false},"excerpt":{"rendered":"<p>La gestion de risque efficace signifie pour Aretas Capital Management SA de ne prendre que les risques pour lesquels le march\u00e9 verse une prime appropri\u00e9e. Les risques doivent \u00eatre g\u00e9r\u00e9s activement et couverts le cas \u00e9ch\u00e9ant au moyen d\u2019instruments ad\u00e9quats.<\/p>\n","protected":false},"author":1,"featured_media":0,"parent":104,"menu_order":40,"comment_status":"closed","ping_status":"closed","template":"","meta":{"_acf_changed":false,"footnotes":""},"class_list":["post-114","page","type-page","status-publish","hentry"],"acf":[],"_links":{"self":[{"href":"https:\/\/aretas.ch\/fr\/wp-json\/wp\/v2\/pages\/114","targetHints":{"allow":["GET"]}}],"collection":[{"href":"https:\/\/aretas.ch\/fr\/wp-json\/wp\/v2\/pages"}],"about":[{"href":"https:\/\/aretas.ch\/fr\/wp-json\/wp\/v2\/types\/page"}],"author":[{"embeddable":true,"href":"https:\/\/aretas.ch\/fr\/wp-json\/wp\/v2\/users\/1"}],"replies":[{"embeddable":true,"href":"https:\/\/aretas.ch\/fr\/wp-json\/wp\/v2\/comments?post=114"}],"version-history":[{"count":3,"href":"https:\/\/aretas.ch\/fr\/wp-json\/wp\/v2\/pages\/114\/revisions"}],"predecessor-version":[{"id":340,"href":"https:\/\/aretas.ch\/fr\/wp-json\/wp\/v2\/pages\/114\/revisions\/340"}],"up":[{"embeddable":true,"href":"https:\/\/aretas.ch\/fr\/wp-json\/wp\/v2\/pages\/104"}],"wp:attachment":[{"href":"https:\/\/aretas.ch\/fr\/wp-json\/wp\/v2\/media?parent=114"}],"curies":[{"name":"wp","href":"https:\/\/api.w.org\/{rel}","templated":true}]}}