{"id":110,"date":"2017-01-24T15:48:56","date_gmt":"2017-01-24T14:48:56","guid":{"rendered":"http:\/\/dev.nekointeractive.ch\/aretas\/staging\/aretas-capital\/investment-management\/"},"modified":"2017-03-14T11:30:17","modified_gmt":"2017-03-14T10:30:17","slug":"gestion-des-investissements","status":"publish","type":"page","link":"https:\/\/aretas.ch\/fr\/aretas-capital\/gestion-des-investissements\/","title":{"rendered":"Gestion des investissements"},"content":{"rendered":"<p>La soci\u00e9t\u00e9 Aretas Capital Management SA poursuit une approche disciplin\u00e9e dans la s\u00e9lection des investissements\u00a0; \u00e0 cet \u00e9gard, les opportunit\u00e9s qui se pr\u00e9sentent dans les diff\u00e9rentes configurations et r\u00e9gions de march\u00e9 sont identifi\u00e9es. Les strat\u00e9gies actives rev\u00eatent une importance particuli\u00e8re. La qualit\u00e9 des rendements r\u00e9side dans sa continuit\u00e9, ce qui requiert une capacit\u00e9 de penser et d\u2019agir de mani\u00e8re ind\u00e9pendante dans la mise en \u0153uvre de la strat\u00e9gie de placement. Aretas Capital Management SA poursuit cet objectif de mani\u00e8re cons\u00e9quente et s\u2019engage sur plusieurs cycles de march\u00e9 en termes de performance.<\/p>\n","protected":false},"excerpt":{"rendered":"<p>La soci\u00e9t\u00e9 Aretas Capital Management SA poursuit une approche disciplin\u00e9e dans la s\u00e9lection des investissements\u00a0; \u00e0 cet \u00e9gard, les opportunit\u00e9s qui se pr\u00e9sentent dans les diff\u00e9rentes configurations et r\u00e9gions de march\u00e9 sont identifi\u00e9es. Les strat\u00e9gies actives rev\u00eatent une importance particuli\u00e8re. La qualit\u00e9 des rendements r\u00e9side dans sa continuit\u00e9, ce qui requiert une capacit\u00e9 de penser [&hellip;]<\/p>\n","protected":false},"author":1,"featured_media":0,"parent":104,"menu_order":20,"comment_status":"closed","ping_status":"closed","template":"","meta":{"_acf_changed":false,"footnotes":""},"class_list":["post-110","page","type-page","status-publish","hentry"],"acf":[],"_links":{"self":[{"href":"https:\/\/aretas.ch\/fr\/wp-json\/wp\/v2\/pages\/110","targetHints":{"allow":["GET"]}}],"collection":[{"href":"https:\/\/aretas.ch\/fr\/wp-json\/wp\/v2\/pages"}],"about":[{"href":"https:\/\/aretas.ch\/fr\/wp-json\/wp\/v2\/types\/page"}],"author":[{"embeddable":true,"href":"https:\/\/aretas.ch\/fr\/wp-json\/wp\/v2\/users\/1"}],"replies":[{"embeddable":true,"href":"https:\/\/aretas.ch\/fr\/wp-json\/wp\/v2\/comments?post=110"}],"version-history":[{"count":3,"href":"https:\/\/aretas.ch\/fr\/wp-json\/wp\/v2\/pages\/110\/revisions"}],"predecessor-version":[{"id":338,"href":"https:\/\/aretas.ch\/fr\/wp-json\/wp\/v2\/pages\/110\/revisions\/338"}],"up":[{"embeddable":true,"href":"https:\/\/aretas.ch\/fr\/wp-json\/wp\/v2\/pages\/104"}],"wp:attachment":[{"href":"https:\/\/aretas.ch\/fr\/wp-json\/wp\/v2\/media?parent=110"}],"curies":[{"name":"wp","href":"https:\/\/api.w.org\/{rel}","templated":true}]}}