{"id":104,"date":"2017-01-18T12:15:53","date_gmt":"2017-01-18T11:15:53","guid":{"rendered":"http:\/\/dev.nekointeractive.ch\/aretas\/staging\/aretas-capital\/"},"modified":"2017-02-27T13:32:15","modified_gmt":"2017-02-27T12:32:15","slug":"aretas-capital","status":"publish","type":"page","link":"https:\/\/aretas.ch\/fr\/aretas-capital\/","title":{"rendered":"Aretas Capital"},"content":{"rendered":"<p>La soci\u00e9t\u00e9 Aretas Capital Management SA repr\u00e9sente la boutique de gestion des investissements et est sp\u00e9cialis\u00e9e dans les patrimoines pr\u00e9sentant une allocation d\u2019actifs globale. Elle g\u00e8re des portefeuilles dans le cadre de l\u2019office familial, pour les personnes priv\u00e9es et les fondations.<\/p>\n","protected":false},"excerpt":{"rendered":"<p>La soci\u00e9t\u00e9 Aretas Capital Management SA repr\u00e9sente la boutique de gestion des investissements et est sp\u00e9cialis\u00e9e dans les patrimoines pr\u00e9sentant une allocation d\u2019actifs globale. Elle g\u00e8re des portefeuilles dans le cadre de l\u2019office familial, pour les personnes priv\u00e9es et les fondations.<\/p>\n","protected":false},"author":1,"featured_media":0,"parent":0,"menu_order":30,"comment_status":"closed","ping_status":"closed","template":"","meta":{"_acf_changed":false,"footnotes":""},"class_list":["post-104","page","type-page","status-publish","hentry"],"acf":[],"_links":{"self":[{"href":"https:\/\/aretas.ch\/fr\/wp-json\/wp\/v2\/pages\/104","targetHints":{"allow":["GET"]}}],"collection":[{"href":"https:\/\/aretas.ch\/fr\/wp-json\/wp\/v2\/pages"}],"about":[{"href":"https:\/\/aretas.ch\/fr\/wp-json\/wp\/v2\/types\/page"}],"author":[{"embeddable":true,"href":"https:\/\/aretas.ch\/fr\/wp-json\/wp\/v2\/users\/1"}],"replies":[{"embeddable":true,"href":"https:\/\/aretas.ch\/fr\/wp-json\/wp\/v2\/comments?post=104"}],"version-history":[{"count":4,"href":"https:\/\/aretas.ch\/fr\/wp-json\/wp\/v2\/pages\/104\/revisions"}],"predecessor-version":[{"id":346,"href":"https:\/\/aretas.ch\/fr\/wp-json\/wp\/v2\/pages\/104\/revisions\/346"}],"wp:attachment":[{"href":"https:\/\/aretas.ch\/fr\/wp-json\/wp\/v2\/media?parent=104"}],"curies":[{"name":"wp","href":"https:\/\/api.w.org\/{rel}","templated":true}]}}