{"id":102,"date":"2017-01-18T12:14:24","date_gmt":"2017-01-18T11:14:24","guid":{"rendered":"http:\/\/dev.nekointeractive.ch\/aretas\/staging\/aretas-gruppe\/"},"modified":"2021-07-13T09:27:50","modified_gmt":"2021-07-13T07:27:50","slug":"groupe-aretas","status":"publish","type":"page","link":"https:\/\/aretas.ch\/fr\/groupe-aretas\/","title":{"rendered":"Groupe Aretas"},"content":{"rendered":"<p>Le Groupe Aretas se focalise sur la gestion d\u2019investissements directs et indirects dans l\u2019industrie, le domaine de la sant\u00e9 et l\u2019immobilier en Europe, aux \u00c9tats-Unis et en Asie. \u00c0 cet \u00e9gard, croissance et protection du patrimoine sont prioritaires. L\u2019actionnariat du Groupe Aretas soutient cette strat\u00e9gie d\u2019investissement et favorise l\u2019autonomie requise \u00e0 cette fin. Le Groupe Aretas est compos\u00e9 des soci\u00e9t\u00e9s ind\u00e9pendantes Aretas SA, Aretas Capital Management SA et Aretas Tax Management SA.<\/p>\n","protected":false},"excerpt":{"rendered":"<p>Le Groupe Aretas se focalise sur la gestion d\u2019investissements directs et indirects dans l\u2019industrie, le domaine de la sant\u00e9 et l\u2019immobilier en Europe, aux \u00c9tats-Unis et en Asie. \u00c0 cet \u00e9gard, croissance et protection du patrimoine sont prioritaires. L\u2019actionnariat du Groupe Aretas soutient cette strat\u00e9gie d\u2019investissement et favorise l\u2019autonomie requise \u00e0 cette fin. Le Groupe [&hellip;]<\/p>\n","protected":false},"author":1,"featured_media":0,"parent":0,"menu_order":10,"comment_status":"closed","ping_status":"closed","template":"","meta":{"_acf_changed":false,"footnotes":""},"class_list":["post-102","page","type-page","status-publish","hentry"],"acf":[],"_links":{"self":[{"href":"https:\/\/aretas.ch\/fr\/wp-json\/wp\/v2\/pages\/102","targetHints":{"allow":["GET"]}}],"collection":[{"href":"https:\/\/aretas.ch\/fr\/wp-json\/wp\/v2\/pages"}],"about":[{"href":"https:\/\/aretas.ch\/fr\/wp-json\/wp\/v2\/types\/page"}],"author":[{"embeddable":true,"href":"https:\/\/aretas.ch\/fr\/wp-json\/wp\/v2\/users\/1"}],"replies":[{"embeddable":true,"href":"https:\/\/aretas.ch\/fr\/wp-json\/wp\/v2\/comments?post=102"}],"version-history":[{"count":7,"href":"https:\/\/aretas.ch\/fr\/wp-json\/wp\/v2\/pages\/102\/revisions"}],"predecessor-version":[{"id":542,"href":"https:\/\/aretas.ch\/fr\/wp-json\/wp\/v2\/pages\/102\/revisions\/542"}],"wp:attachment":[{"href":"https:\/\/aretas.ch\/fr\/wp-json\/wp\/v2\/media?parent=102"}],"curies":[{"name":"wp","href":"https:\/\/api.w.org\/{rel}","templated":true}]}}